{"id":2,"date":"2023-05-24T14:00:06","date_gmt":"2023-05-24T14:00:06","guid":{"rendered":"https:\/\/credito.onynet.eu\/?page_id=2"},"modified":"2025-09-15T15:21:16","modified_gmt":"2025-09-15T15:21:16","slug":"crm","status":"publish","type":"page","link":"https:\/\/credito.onynet.eu\/en\/crm\/","title":{"rendered":"crm"},"content":{"rendered":"<div data-elementor-type=\"wp-page\" data-elementor-id=\"2\" class=\"elementor elementor-2\">\n\t\t\t\t\t\t<section class=\"elementor-section elementor-top-section elementor-element elementor-element-69211ac7 finlon-column-stretched-none elementor-section-boxed elementor-section-height-default elementor-section-height-default\" data-id=\"69211ac7\" data-element_type=\"section\">\n\t\t\t\t\t\t<div class=\"elementor-container elementor-column-gap-default\">\n\t\t\t\t\t<div class=\"elementor-column elementor-col-100 elementor-top-column elementor-element elementor-element-ebe52ef\" data-id=\"ebe52ef\" data-element_type=\"column\">\n\t\t\t<div class=\"elementor-widget-wrap\">\n\t\t\t\t\t\t\t<\/div>\n\t\t<\/div>\n\t\t\t\t\t<\/div>\n\t\t<\/section>\n\t\t\t\t<section class=\"elementor-section elementor-top-section elementor-element elementor-element-d76c361 finlon-column-stretched-none elementor-section-boxed elementor-section-height-default elementor-section-height-default\" data-id=\"d76c361\" data-element_type=\"section\">\n\t\t\t\t\t\t<div class=\"elementor-container elementor-column-gap-default\">\n\t\t\t\t\t<div class=\"elementor-column elementor-col-100 elementor-top-column elementor-element elementor-element-d952796\" data-id=\"d952796\" data-element_type=\"column\">\n\t\t\t<div class=\"elementor-widget-wrap elementor-element-populated\">\n\t\t\t\t\t\t<div class=\"elementor-element elementor-element-c51dbda elementor-widget elementor-widget-qi_addons_for_elementor_contact_form_7\" data-id=\"c51dbda\" data-element_type=\"widget\" data-widget_type=\"qi_addons_for_elementor_contact_form_7.default\">\n\t\t\t\t<div class=\"elementor-widget-container\">\n\t\t\t\t\t<div class=\"qodef-shortcode qodef-m  qodef-qi-contact-form-7\">\n\t\n<div class=\"wpcf7 no-js\" id=\"wpcf7-f6179-o1\" lang=\"en-US\" dir=\"ltr\" data-wpcf7-id=\"6179\">\n<div class=\"screen-reader-response\"><p role=\"status\" aria-live=\"polite\" aria-atomic=\"true\"><\/p> <ul><\/ul><\/div>\n<form action=\"\/en\/wp-json\/wp\/v2\/pages\/2#wpcf7-f6179-o1\" method=\"post\" class=\"wpcf7-form init\" aria-label=\"Contact form\" novalidate=\"novalidate\" data-status=\"init\" data-trp-original-action=\"\/en\/wp-json\/wp\/v2\/pages\/2#wpcf7-f6179-o1\">\n<div style=\"display: none;\">\n<input type=\"hidden\" name=\"_wpcf7\" value=\"6179\" \/>\n<input type=\"hidden\" name=\"_wpcf7_version\" value=\"6.0.3\" \/>\n<input type=\"hidden\" name=\"_wpcf7_locale\" value=\"en_US\" \/>\n<input type=\"hidden\" name=\"_wpcf7_unit_tag\" value=\"wpcf7-f6179-o1\" \/>\n<input type=\"hidden\" name=\"_wpcf7_container_post\" value=\"0\" \/>\n<input type=\"hidden\" name=\"_wpcf7_posted_data_hash\" value=\"\" \/>\n<\/div>\n<div class=\"form-one\">\n\t<div class=\"row row-gutter-y-20 row-gutter-x-20\">\n\t\t<div class=\"col-md-6 fn-form\">\n\t\t\t<span class=\"wpcf7-form-control-wrap\" data-name=\"your-name\"><input size=\"40\" maxlength=\"400\" class=\"wpcf7-form-control wpcf7-text wpcf7-validates-as-required\" aria-required=\"true\" aria-invalid=\"false\" placeholder=\"Nome\" value=\"\" type=\"text\" name=\"your-name\" \/><\/span>\n\t\t<\/div>\n\t\t<div class=\"col-md-6 fn-form\">\n\t\t\t<span class=\"wpcf7-form-control-wrap\" data-name=\"your-email\"><input size=\"40\" maxlength=\"400\" class=\"wpcf7-form-control wpcf7-email wpcf7-validates-as-required wpcf7-text wpcf7-validates-as-email\" aria-required=\"true\" aria-invalid=\"false\" placeholder=\"Email\" value=\"\" type=\"email\" name=\"your-email\" \/><\/span>\n\t\t<\/div>\n\t\t<div class=\"col-md-6 fn-form\">\n\t\t\t<span class=\"wpcf7-form-control-wrap\" data-name=\"your-phone\"><input size=\"40\" maxlength=\"400\" class=\"wpcf7-form-control wpcf7-text wpcf7-validates-as-required\" aria-required=\"true\" aria-invalid=\"false\" placeholder=\"Telefone\" value=\"\" type=\"text\" name=\"your-phone\" \/><\/span>\n                <\/div>\n\n                <div class=\"col-md-6 fn-form\">\n\t\t\t<span class=\"wpcf7-form-control-wrap\" data-name=\"your-cod-localidade\"><select class=\"wpcf7-form-control wpcf7-select wpcf7-validates-as-required\" aria-required=\"true\" aria-invalid=\"false\" name=\"your-cod-localidade\"><option value=\"\">Concession\u00e1rio mais pr\u00f3ximo *<\/option><option value=\"Almada\">Almada<\/option><option value=\"Beja\">Beja<\/option><option value=\"\u00c9vora\">\u00c9vora<\/option><option value=\"Faro\">Faro<\/option><option value=\"Montijo\">Montijo<\/option><option value=\"Palmela\">Palmela<\/option><option value=\"Penafiel\">Penafiel<\/option><option value=\"Portalegre\">Portalegre<\/option><option value=\"Portim\u00e3o\">Portim\u00e3o<\/option><option value=\"Set\u00fabal\">Set\u00fabal<\/option><option value=\"Sines\">Sines<\/option><\/select><\/span>\n\t\t<\/div>\n\n\t\t<div class=\"col-md-6 fn-form\">\n\t\t\t<span class=\"wpcf7-form-control-wrap\" data-name=\"Assunto\"><select class=\"wpcf7-form-control wpcf7-select wpcf7-validates-as-required\" aria-required=\"true\" aria-invalid=\"false\" name=\"Assunto\"><option value=\"\">Assunto *<\/option><option value=\"Carros Novos\">Carros Novos<\/option><option value=\"Carros Usados\">Carros Usados<\/option><option value=\"Oficinas\">Oficinas<\/option><option value=\"Colis\u00e3o\">Colis\u00e3o<\/option><option value=\"Pe\u00e7as\">Pe\u00e7as<\/option><option value=\"Informa\u00e7\u00f5es\">Informa\u00e7\u00f5es<\/option><option value=\"Pneus e alinhamentos\">Pneus e alinhamentos<\/option><\/select><\/span>\n\n                <\/div>\n                <div class=\"col-md-6 fn-form\">\n                        <span class=\"wpcf7-form-control-wrap\" data-name=\"Marca\"><select class=\"wpcf7-form-control wpcf7-select myselecttag\" aria-invalid=\"false\" name=\"Marca\"><option value=\"\">Marca *<\/option><option value=\"Abarth\">Abarth<\/option><option value=\"Citroen\">Citroen<\/option><option value=\"Dacia\">Dacia<\/option><option value=\"DS\">DS<\/option><option value=\"Fiat\">Fiat<\/option><option value=\"Jeep\">Jeep<\/option><option value=\"Opel\">Opel<\/option><option value=\"Peugeot\">Peugeot<\/option><option value=\"Renault\">Renault<\/option><option value=\"Mitsubishi\">Mitsubishi<\/option><option value=\"Maxus\">Maxus<\/option><option value=\"Mazda\">Mazda<\/option><option value=\"MG\">MG<\/option><option value=\"Kia\">Kia<\/option><option value=\"Isuzu\">Isuzu<\/option><option value=\"FUSO\">FUSO<\/option><option value=\"KGM\">KGM<\/option><option value=\"Outra\">Outra<\/option><\/select><\/span>\n\t\t<\/div>\n\t\t<div class=\"col-md-12 fn-form text-form\">\n\t\t\t<span class=\"wpcf7-form-control-wrap\" data-name=\"your-message\"><textarea cols=\"40\" rows=\"10\" maxlength=\"2000\" class=\"wpcf7-form-control wpcf7-textarea\" aria-invalid=\"false\" placeholder=\"Messagem\" name=\"your-message\"><\/textarea><\/span>\n                        <label>Ao clicar em &quot;Enviar Mensagem&quot; concorda com os nossos Termos e Condi\u00e7\u00f5es e com a nossa Pol\u00edtica de Privacidade.<\/label>\n\t\t<\/div>\n\n\t\t<div class=\"col-md-12\">\n\t\t\t<div class=\"form-submit\">\n\t\t\t\t<input class=\"wpcf7-form-control wpcf7-submit has-spinner thm-btn\" type=\"submit\" value=\"Enviar Messagem\" \/>\n\t\t\t<\/div>\n\t\t<\/div>\n\t<\/div>\n<\/div><div class=\"wpcf7-response-output\" aria-hidden=\"true\"><\/div>\n<input type=\"hidden\" name=\"trp-form-language\" value=\"en\"\/><\/form>\n<\/div>\n<\/div>\n\t\t\t\t<\/div>\n\t\t\t\t<\/div>\n\t\t\t\t\t<\/div>\n\t\t<\/div>\n\t\t\t\t\t<\/div>\n\t\t<\/section>\n\t\t\t\t<\/div>","protected":false},"excerpt":{"rendered":"<p>Concession\u00e1rio mais pr\u00f3ximo *AlmadaBeja\u00c9voraFaroMontijoPalmelaPortalegrePortim\u00e3oSet\u00fabalSines Assunto *Carros NovosCarros UsadosOficinasColis\u00e3oPe\u00e7asInforma\u00e7\u00f5esPneus e alinhamentos Marca *AbarthCitroenDaciaDSFiatJeepOpelPeugeotRenaultMitsubishiMaxusMazdaKiaIsuzuFUSOKGMOutra Ao clicar em &quot;Enviar Mensagem&quot; concorda com os nossos Termos e Condi\u00e7\u00f5es e com a nossa Pol\u00edtica de Privacidade.<\/p>","protected":false},"author":1,"featured_media":0,"parent":0,"menu_order":0,"comment_status":"closed","ping_status":"closed","template":"","meta":{"inline_featured_image":false,"footnotes":""},"class_list":["post-2","page","type-page","status-publish","hentry"],"aioseo_notices":[],"_links":{"self":[{"href":"https:\/\/credito.onynet.eu\/en\/wp-json\/wp\/v2\/pages\/2","targetHints":{"allow":["GET"]}}],"collection":[{"href":"https:\/\/credito.onynet.eu\/en\/wp-json\/wp\/v2\/pages"}],"about":[{"href":"https:\/\/credito.onynet.eu\/en\/wp-json\/wp\/v2\/types\/page"}],"author":[{"embeddable":true,"href":"https:\/\/credito.onynet.eu\/en\/wp-json\/wp\/v2\/users\/1"}],"replies":[{"embeddable":true,"href":"https:\/\/credito.onynet.eu\/en\/wp-json\/wp\/v2\/comments?post=2"}],"version-history":[{"count":12,"href":"https:\/\/credito.onynet.eu\/en\/wp-json\/wp\/v2\/pages\/2\/revisions"}],"predecessor-version":[{"id":6191,"href":"https:\/\/credito.onynet.eu\/en\/wp-json\/wp\/v2\/pages\/2\/revisions\/6191"}],"wp:attachment":[{"href":"https:\/\/credito.onynet.eu\/en\/wp-json\/wp\/v2\/media?parent=2"}],"curies":[{"name":"wp","href":"https:\/\/api.w.org\/{rel}","templated":true}]}}