{"id":2504,"date":"2022-08-31T11:41:28","date_gmt":"2022-08-31T11:41:28","guid":{"rendered":"https:\/\/thegenius.co\/wp\/finlon\/live\/?page_id=2504"},"modified":"2024-01-05T12:06:03","modified_gmt":"2024-01-05T12:06:03","slug":"blogue","status":"publish","type":"page","link":"https:\/\/credito.onynet.eu\/en\/blogue\/","title":{"rendered":"Blogue"},"content":{"rendered":"<div data-elementor-type=\"wp-page\" data-elementor-id=\"2504\" class=\"elementor elementor-2504\">\n\t\t\t\t\t\t<section class=\"elementor-section elementor-top-section elementor-element elementor-element-1189271 finlon-column-stretched-none elementor-section-boxed elementor-section-height-default elementor-section-height-default\" data-id=\"1189271\" data-element_type=\"section\">\n\t\t\t\t\t\t<div class=\"elementor-container elementor-column-gap-default\">\n\t\t\t\t\t<div class=\"elementor-column elementor-col-100 elementor-top-column elementor-element elementor-element-87d0424\" data-id=\"87d0424\" data-element_type=\"column\">\n\t\t\t<div class=\"elementor-widget-wrap elementor-element-populated\">\n\t\t\t\t\t\t<div class=\"elementor-element elementor-element-3a46fd7 elementor-widget elementor-widget-finlon_blog\" data-id=\"3a46fd7\" data-element_type=\"widget\" data-widget_type=\"finlon_blog.default\">\n\t\t\t\t<div class=\"elementor-widget-container\">\n\t\t\t\t\t\t\t<div class=\"row row-gutter-y-30\">\r\n\t\t\t\t\t\t\t\t<div class=\"col-lg-4 col-md-12 col-sm-12\">\r\n\t\t\t\t\t\t\t\t\t\t\t\t<div class=\"blog-card\">\r\n\t\t\t\t\t\t\t\t\t\t\t\t\t\t\t<div class=\"blog-card__image\">\r\n\t\t\t\t\t\t\t\t\t\t\t\t\t\t\t\t\t\t\t<div class=\"blog-card__date\"><span>23<\/span>Aug<\/div><!-- \/.blog-card__date -->\r\n\t\t\t\t\t\t\t\t\t\t\t\t\t\t\t\t\t\t<img decoding=\"async\" src=\"https:\/\/credito.onynet.eu\/wp-content\/uploads\/2022\/08\/Futuro_Sustentavel_Casa_Incredible_Finance.webp\" class=\"img-fluid\" alt=\"\">\r\n\t\t\t\t\t\t\t\t\t\t\t\t\t\t\t\t\t\t\t<a href=\"https:\/\/credito.onynet.eu\/en\/better-changing-to-grow-business-faster\/\"><\/a>\r\n\t\t\t\t\t\t\t\t\t\t\t\t\t\t\t\t\t<\/div><!-- \/.blog-card__image -->\r\n\t\t\t\t\t\t\t\t\t\t\t\t\t\t<div class=\"blog-card__content\">\r\n\t\t\t\t\t\t\t\t\t\t\t\t\t\t\t\t\t<div class=\"blog-card__meta\">\r\n\t\t\t\t\t\t\t\t\t\t<span class=\"meta-list byline_author\"><i class=\"far fa-user-circle\"><\/i><a class=\"url fn n\" href=\"https:\/\/credito.onynet.eu\/en\/author\/izzadmin\/\">admin<\/a><\/span>\t\t\t\t\t\t\t\t\t\t<span class=\"meta-list blog_comment\">\r\r\n                                <i class=\"far fa-comments\"><\/i><span>Comments Off<span class=\"screen-reader-text\"> on Rumo a um Futuro Sustent\u00e1vel<\/span><\/span><\/span>\t\t\t\t\t\t\t\t\t<\/div><!-- \/.blog-card__meta -->\r\n\t\t\t\t\t\t\t\t\t\t\t\t\t\t\t\t\t\t\t\t\t\t\t\t\t<h3 class=\"blog-card__title\"><a href=\"https:\/\/credito.onynet.eu\/en\/better-changing-to-grow-business-faster\/\">Rumo a um Futuro Sustent\u00e1vel<\/a><\/h3>\r\n\t\t\t\t\t\t\t\t\t\t\t\t\t\t\t\t\t\t\t\t\t\t\t\t\t<p class=\"blog-card__text\">Descubra tudo o que precisa de saber sobre cr\u00e9dito habita\u00e7\u00e3o <\/p>\r\n\t\t\t\t\t\t\t\t\t\t\t\t\t\t\t\t\t\t\t\t\t\t\t\t\t<a href=\"https:\/\/credito.onynet.eu\/en\/better-changing-to-grow-business-faster\/\" class=\"blog-card__link\">Read More<\/a><!-- \/.blog-card__link -->\r\n\t\t\t\t\t\t\t\t\t\t\t\t\t\t\t<\/div><!-- \/.blog-card__content -->\r\n\t\t\t\t\t\t<\/div><!-- \/.blog-card -->\r\n\t\t\t\t\t\t\t\t\t\t\t<\/div><!-- \/.col -->\r\n\t\t\t\t\t\t\t\t\t<div class=\"col-lg-4 col-md-12 col-sm-12\">\r\n\t\t\t\t\t\t\t\t\t\t\t\t<div class=\"blog-card\">\r\n\t\t\t\t\t\t\t\t\t\t\t\t\t\t\t<div class=\"blog-card__image\">\r\n\t\t\t\t\t\t\t\t\t\t\t\t\t\t\t\t\t\t\t<div class=\"blog-card__date\"><span>2<\/span>Sep<\/div><!-- \/.blog-card__date -->\r\n\t\t\t\t\t\t\t\t\t\t\t\t\t\t\t\t\t\t<img decoding=\"async\" src=\"https:\/\/credito.onynet.eu\/wp-content\/uploads\/2022\/09\/info-1-3.png\" class=\"img-fluid\" alt=\"\">\r\n\t\t\t\t\t\t\t\t\t\t\t\t\t\t\t\t\t\t\t<a href=\"https:\/\/credito.onynet.eu\/en\/credit-card-ut-purus-eu-condimentum\/\"><\/a>\r\n\t\t\t\t\t\t\t\t\t\t\t\t\t\t\t\t\t<\/div><!-- \/.blog-card__image -->\r\n\t\t\t\t\t\t\t\t\t\t\t\t\t\t<div class=\"blog-card__content\">\r\n\t\t\t\t\t\t\t\t\t\t\t\t\t\t\t\t\t<div class=\"blog-card__meta\">\r\n\t\t\t\t\t\t\t\t\t\t<span class=\"meta-list byline_author\"><i class=\"far fa-user-circle\"><\/i><a class=\"url fn n\" href=\"https:\/\/credito.onynet.eu\/en\/author\/izzadmin\/\">admin<\/a><\/span>\t\t\t\t\t\t\t\t\t\t<span class=\"meta-list blog_comment\">\r\r\n                                <i class=\"far fa-comments\"><\/i><span>Comments Off<span class=\"screen-reader-text\"> on Os 5 Mitos sobre Cr\u00e9dito Habita\u00e7\u00e3o<\/span><\/span><\/span>\t\t\t\t\t\t\t\t\t<\/div><!-- \/.blog-card__meta -->\r\n\t\t\t\t\t\t\t\t\t\t\t\t\t\t\t\t\t\t\t\t\t\t\t\t\t<h3 class=\"blog-card__title\"><a href=\"https:\/\/credito.onynet.eu\/en\/credit-card-ut-purus-eu-condimentum\/\">Os 5 Mitos sobre Cr\u00e9dito Habita\u00e7\u00e3o<\/a><\/h3>\r\n\t\t\t\t\t\t\t\t\t\t\t\t\t\t\t\t\t\t\t\t\t\t\t\t\t<p class=\"blog-card__text\">Descubra tudo o que precisa de saber sobre cr\u00e9dito habita\u00e7\u00e3o <\/p>\r\n\t\t\t\t\t\t\t\t\t\t\t\t\t\t\t\t\t\t\t\t\t\t\t\t\t<a href=\"https:\/\/credito.onynet.eu\/en\/credit-card-ut-purus-eu-condimentum\/\" class=\"blog-card__link\">Read More<\/a><!-- \/.blog-card__link -->\r\n\t\t\t\t\t\t\t\t\t\t\t\t\t\t\t<\/div><!-- \/.blog-card__content -->\r\n\t\t\t\t\t\t<\/div><!-- \/.blog-card -->\r\n\t\t\t\t\t\t\t\t\t\t\t<\/div><!-- \/.col -->\r\n\t\t\t\t\t\t\t\t\t<div class=\"col-lg-4 col-md-12 col-sm-12\">\r\n\t\t\t\t\t\t\t\t\t\t\t\t<div class=\"blog-card\">\r\n\t\t\t\t\t\t\t\t\t\t\t\t\t\t\t<div class=\"blog-card__image\">\r\n\t\t\t\t\t\t\t\t\t\t\t\t\t\t\t\t\t\t\t<div class=\"blog-card__date\"><span>2<\/span>Sep<\/div><!-- \/.blog-card__date -->\r\n\t\t\t\t\t\t\t\t\t\t\t\t\t\t\t\t\t\t<img decoding=\"async\" src=\"https:\/\/credito.onynet.eu\/wp-content\/uploads\/2022\/09\/image-2-1.png\" class=\"img-fluid\" alt=\"\">\r\n\t\t\t\t\t\t\t\t\t\t\t\t\t\t\t\t\t\t\t<a href=\"https:\/\/credito.onynet.eu\/en\/business-loan-nam-diam-purus-sagittis\/\"><\/a>\r\n\t\t\t\t\t\t\t\t\t\t\t\t\t\t\t\t\t<\/div><!-- \/.blog-card__image -->\r\n\t\t\t\t\t\t\t\t\t\t\t\t\t\t<div class=\"blog-card__content\">\r\n\t\t\t\t\t\t\t\t\t\t\t\t\t\t\t\t\t<div class=\"blog-card__meta\">\r\n\t\t\t\t\t\t\t\t\t\t<span class=\"meta-list byline_author\"><i class=\"far fa-user-circle\"><\/i><a class=\"url fn n\" href=\"https:\/\/credito.onynet.eu\/en\/author\/izzadmin\/\">admin<\/a><\/span>\t\t\t\t\t\t\t\t\t\t<span class=\"meta-list blog_comment\">\r\r\n                                <i class=\"far fa-comments\"><\/i><span>Comments Off<span class=\"screen-reader-text\"> on 5 Dicas para o Cr\u00e9dito Habita\u00e7\u00e3o<\/span><\/span><\/span>\t\t\t\t\t\t\t\t\t<\/div><!-- \/.blog-card__meta -->\r\n\t\t\t\t\t\t\t\t\t\t\t\t\t\t\t\t\t\t\t\t\t\t\t\t\t<h3 class=\"blog-card__title\"><a href=\"https:\/\/credito.onynet.eu\/en\/business-loan-nam-diam-purus-sagittis\/\">5 Dicas para o Cr\u00e9dito Habita\u00e7\u00e3o<\/a><\/h3>\r\n\t\t\t\t\t\t\t\t\t\t\t\t\t\t\t\t\t\t\t\t\t\t\t\t\t<p class=\"blog-card__text\">Maximiza as hip\u00f3teses de obteres o melhor cr\u00e9dito habita\u00e7\u00e3o com estas dicas \u00fateis.<\/p>\r\n\t\t\t\t\t\t\t\t\t\t\t\t\t\t\t\t\t\t\t\t\t\t\t\t\t<a href=\"https:\/\/credito.onynet.eu\/en\/business-loan-nam-diam-purus-sagittis\/\" class=\"blog-card__link\">Read More<\/a><!-- \/.blog-card__link -->\r\n\t\t\t\t\t\t\t\t\t\t\t\t\t\t\t<\/div><!-- \/.blog-card__content -->\r\n\t\t\t\t\t\t<\/div><!-- \/.blog-card -->\r\n\t\t\t\t\t\t\t\t\t\t\t<\/div><!-- \/.col -->\r\n\t\t\t\t\t\t<\/div><!-- \/.row -->\r\n\t\t\t\t\t<\/div>\n\t\t\t\t<\/div>\n\t\t\t\t\t<\/div>\n\t\t<\/div>\n\t\t\t\t\t<\/div>\n\t\t<\/section>\n\t\t\t\t<\/div>","protected":false},"excerpt":{"rendered":"<p>23Aug admin 0 Comments Which growth strategies you should adopt Duis aute irure dolor lipsum simply free text the local markets. Read More 23Aug admin 0 Comments Better changing to grow business faster Duis aute irure dolor lipsum simply free text the local markets. Read More 24Aug admin 0 Comments Integer tristique odio vitae lorem [&hellip;]<\/p>","protected":false},"author":1,"featured_media":0,"parent":0,"menu_order":0,"comment_status":"closed","ping_status":"closed","template":"page-template\/blog-grid-page.php","meta":{"inline_featured_image":false,"footnotes":""},"class_list":["post-2504","page","type-page","status-publish","hentry"],"aioseo_notices":[],"_links":{"self":[{"href":"https:\/\/credito.onynet.eu\/en\/wp-json\/wp\/v2\/pages\/2504","targetHints":{"allow":["GET"]}}],"collection":[{"href":"https:\/\/credito.onynet.eu\/en\/wp-json\/wp\/v2\/pages"}],"about":[{"href":"https:\/\/credito.onynet.eu\/en\/wp-json\/wp\/v2\/types\/page"}],"author":[{"embeddable":true,"href":"https:\/\/credito.onynet.eu\/en\/wp-json\/wp\/v2\/users\/1"}],"replies":[{"embeddable":true,"href":"https:\/\/credito.onynet.eu\/en\/wp-json\/wp\/v2\/comments?post=2504"}],"version-history":[{"count":1,"href":"https:\/\/credito.onynet.eu\/en\/wp-json\/wp\/v2\/pages\/2504\/revisions"}],"predecessor-version":[{"id":6012,"href":"https:\/\/credito.onynet.eu\/en\/wp-json\/wp\/v2\/pages\/2504\/revisions\/6012"}],"wp:attachment":[{"href":"https:\/\/credito.onynet.eu\/en\/wp-json\/wp\/v2\/media?parent=2504"}],"curies":[{"name":"wp","href":"https:\/\/api.w.org\/{rel}","templated":true}]}}